{"id":11,"date":"2026-02-24T17:10:10","date_gmt":"2026-02-24T17:10:10","guid":{"rendered":"https:\/\/impulsoguarani.com\/?page_id=11"},"modified":"2026-04-03T14:40:26","modified_gmt":"2026-04-03T14:40:26","slug":"home","status":"publish","type":"page","link":"https:\/\/impulsoguarani.com\/","title":{"rendered":"Home"},"content":{"rendered":"\t\t<div data-elementor-type=\"wp-page\" data-elementor-id=\"11\" class=\"elementor elementor-11\" data-elementor-post-type=\"page\">\n\t\t\t\t<div class=\"elementor-element elementor-element-9f75eca e-flex e-con-boxed e-con e-parent\" data-id=\"9f75eca\" data-element_type=\"container\" data-e-type=\"container\" data-settings=\"{&quot;background_background&quot;:&quot;classic&quot;,&quot;animation&quot;:&quot;none&quot;}\">\n\t\t\t\t\t<div class=\"e-con-inner\">\n\t\t<div class=\"elementor-element elementor-element-e29092c e-con-full e-flex e-con e-child\" data-id=\"e29092c\" data-element_type=\"container\" data-e-type=\"container\">\n\t\t\t\t<div class=\"elementor-element elementor-element-f899bde elementor-widget elementor-widget-image\" data-id=\"f899bde\" data-element_type=\"widget\" data-e-type=\"widget\" data-widget_type=\"image.default\">\n\t\t\t\t\t\t\t\t\t\t\t\t\t\t\t<img decoding=\"async\" width=\"300\" height=\"79\" src=\"https:\/\/impulsoguarani.com\/wp-content\/uploads\/2026\/02\/Impulso-Guarani-blanco-e1772050054894-300x79.png\" class=\"attachment-medium size-medium wp-image-64\" alt=\"\" srcset=\"https:\/\/impulsoguarani.com\/wp-content\/uploads\/2026\/02\/Impulso-Guarani-blanco-e1772050054894-300x79.png 300w, https:\/\/impulsoguarani.com\/wp-content\/uploads\/2026\/02\/Impulso-Guarani-blanco-e1772050054894-1024x269.png 1024w, https:\/\/impulsoguarani.com\/wp-content\/uploads\/2026\/02\/Impulso-Guarani-blanco-e1772050054894-768x202.png 768w, https:\/\/impulsoguarani.com\/wp-content\/uploads\/2026\/02\/Impulso-Guarani-blanco-e1772050054894.png 1080w\" sizes=\"(max-width: 300px) 100vw, 300px\" \/>\t\t\t\t\t\t\t\t\t\t\t\t\t\t\t<\/div>\n\t\t\t\t<div class=\"elementor-element elementor-element-d5b6a10 elementor-widget elementor-widget-text-editor\" data-id=\"d5b6a10\" data-element_type=\"widget\" data-e-type=\"widget\" data-widget_type=\"text-editor.default\">\n\t\t\t\t\t\t\t\t\t<p class=\"cvGsUA direction-ltr align-justify para-style-body\">M\u00e1s que ahorrar\u2026 empieza a multiplicar!<\/p>\t\t\t\t\t\t\t\t<\/div>\n\t\t\t\t<div class=\"elementor-element elementor-element-7a28662 elementor-widget elementor-widget-image\" data-id=\"7a28662\" data-element_type=\"widget\" data-e-type=\"widget\" data-widget_type=\"image.default\">\n\t\t\t\t\t\t\t\t\t\t\t\t\t\t\t<img fetchpriority=\"high\" decoding=\"async\" width=\"540\" height=\"540\" src=\"https:\/\/impulsoguarani.com\/wp-content\/uploads\/2026\/02\/3.png\" class=\"attachment-medium_large size-medium_large wp-image-93\" alt=\"\" srcset=\"https:\/\/impulsoguarani.com\/wp-content\/uploads\/2026\/02\/3.png 540w, https:\/\/impulsoguarani.com\/wp-content\/uploads\/2026\/02\/3-300x300.png 300w, https:\/\/impulsoguarani.com\/wp-content\/uploads\/2026\/02\/3-150x150.png 150w\" sizes=\"(max-width: 540px) 100vw, 540px\" \/>\t\t\t\t\t\t\t\t\t\t\t\t\t\t\t<\/div>\n\t\t\t\t<div class=\"elementor-element elementor-element-5f56240 elementor-widget elementor-widget-text-editor\" data-id=\"5f56240\" data-element_type=\"widget\" data-e-type=\"widget\" data-widget_type=\"text-editor.default\">\n\t\t\t\t\t\t\t\t\t<p class=\"cvGsUA direction-ltr align-justify para-style-body\">Lo que necesitas para comenzar, en un PDF.<\/p>\t\t\t\t\t\t\t\t<\/div>\n\t\t\t\t<\/div>\n\t\t\t\t<div class=\"elementor-element elementor-element-f2a3450 elementor-align-center elementor-widget elementor-widget-button\" data-id=\"f2a3450\" data-element_type=\"widget\" data-e-type=\"widget\" data-widget_type=\"button.default\">\n\t\t\t\t\t\t\t\t\t\t<a class=\"elementor-button elementor-button-link elementor-size-sm elementor-animation-grow\" href=\"https:\/\/docs.google.com\/forms\/d\/e\/1FAIpQLScVXJ-VkxiRd67qEj2FAGoq8XDGOiL9HP3pPR3MhiNqnpCdjg\/viewform?usp=header\" target=\"_blank\">\n\t\t\t\t\t\t<span class=\"elementor-button-content-wrapper\">\n\t\t\t\t\t\t\t\t\t<span class=\"elementor-button-text\">DESCARGAR PDF GRATIS<\/span>\n\t\t\t\t\t<\/span>\n\t\t\t\t\t<\/a>\n\t\t\t\t\t\t\t\t<\/div>\n\t\t\t\t<div class=\"elementor-element elementor-element-979a841 elementor-widget elementor-widget-heading\" data-id=\"979a841\" data-element_type=\"widget\" data-e-type=\"widget\" data-widget_type=\"heading.default\">\n\t\t\t\t\t<h2 class=\"elementor-heading-title elementor-size-default\">Tutoriales<\/h2>\t\t\t\t<\/div>\n\t\t\t\t\t<\/div>\n\t\t\t\t<\/div>\n\t\t<div class=\"elementor-element elementor-element-3c79617 e-flex e-con-boxed e-con e-parent\" data-id=\"3c79617\" data-element_type=\"container\" data-e-type=\"container\">\n\t\t\t\t\t<div class=\"e-con-inner\">\n\t\t<div class=\"elementor-element elementor-element-65cd4de e-grid e-con-full e-con e-child\" data-id=\"65cd4de\" data-element_type=\"container\" data-e-type=\"container\">\n\t\t\t\t<div class=\"elementor-element elementor-element-0385d3d elementor-widget elementor-widget-video\" data-id=\"0385d3d\" data-element_type=\"widget\" data-e-type=\"widget\" data-settings=\"{&quot;youtube_url&quot;:&quot;https:\\\/\\\/youtu.be\\\/vGU5CQUS1qo?si=yeH2wBgEHBmJiJol&quot;,&quot;video_type&quot;:&quot;youtube&quot;,&quot;controls&quot;:&quot;yes&quot;}\" data-widget_type=\"video.default\">\n\t\t\t\t\t\t\t<div class=\"elementor-wrapper elementor-open-inline\">\n\t\t\t<div class=\"elementor-video\"><\/div>\t\t<\/div>\n\t\t\t\t\t\t<\/div>\n\t\t\t\t<div class=\"elementor-element elementor-element-3961dea elementor-widget elementor-widget-video\" data-id=\"3961dea\" data-element_type=\"widget\" data-e-type=\"widget\" data-settings=\"{&quot;youtube_url&quot;:&quot;https:\\\/\\\/youtu.be\\\/91I0_yhdaTQ?si=y0v6XfdwFaQV13kt&quot;,&quot;video_type&quot;:&quot;youtube&quot;,&quot;controls&quot;:&quot;yes&quot;}\" data-widget_type=\"video.default\">\n\t\t\t\t\t\t\t<div class=\"elementor-wrapper elementor-open-inline\">\n\t\t\t<div class=\"elementor-video\"><\/div>\t\t<\/div>\n\t\t\t\t\t\t<\/div>\n\t\t\t\t<div class=\"elementor-element elementor-element-f75c03d elementor-widget elementor-widget-video\" data-id=\"f75c03d\" data-element_type=\"widget\" data-e-type=\"widget\" data-settings=\"{&quot;youtube_url&quot;:&quot;https:\\\/\\\/youtu.be\\\/LawuJBEnGII?si=yp8tWSFGv7GaeKl4&quot;,&quot;video_type&quot;:&quot;youtube&quot;,&quot;controls&quot;:&quot;yes&quot;}\" data-widget_type=\"video.default\">\n\t\t\t\t\t\t\t<div class=\"elementor-wrapper elementor-open-inline\">\n\t\t\t<div class=\"elementor-video\"><\/div>\t\t<\/div>\n\t\t\t\t\t\t<\/div>\n\t\t\t\t<\/div>\n\t\t\t\t\t<\/div>\n\t\t\t\t<\/div>\n\t\t<div class=\"elementor-element elementor-element-f2e52aa e-flex e-con-boxed e-con e-parent\" data-id=\"f2e52aa\" data-element_type=\"container\" data-e-type=\"container\">\n\t\t\t\t\t<div class=\"e-con-inner\">\n\t\t\t\t<div class=\"elementor-element elementor-element-b2ccbcc elementor-widget elementor-widget-heading\" data-id=\"b2ccbcc\" data-element_type=\"widget\" data-e-type=\"widget\" data-widget_type=\"heading.default\">\n\t\t\t\t\t<h2 class=\"elementor-heading-title elementor-size-default\">Casas de Bolsa<\/h2>\t\t\t\t<\/div>\n\t\t<div class=\"elementor-element elementor-element-3184756 e-grid e-con-full e-con e-child\" data-id=\"3184756\" data-element_type=\"container\" data-e-type=\"container\">\n\t\t<div class=\"elementor-element elementor-element-cdee3e5 e-con-full e-flex e-con e-child\" data-id=\"cdee3e5\" data-element_type=\"container\" data-e-type=\"container\">\n\t\t\t\t<div class=\"elementor-element elementor-element-77b71c6 elementor-widget elementor-widget-image\" data-id=\"77b71c6\" data-element_type=\"widget\" data-e-type=\"widget\" data-widget_type=\"image.default\">\n\t\t\t\t\t\t\t\t\t\t\t\t\t\t\t<img decoding=\"async\" width=\"1024\" height=\"299\" src=\"https:\/\/impulsoguarani.com\/wp-content\/uploads\/2026\/04\/cadiem-1024x299.png\" class=\"attachment-large size-large wp-image-245\" alt=\"\" srcset=\"https:\/\/impulsoguarani.com\/wp-content\/uploads\/2026\/04\/cadiem-1024x299.png 1024w, https:\/\/impulsoguarani.com\/wp-content\/uploads\/2026\/04\/cadiem-300x88.png 300w, https:\/\/impulsoguarani.com\/wp-content\/uploads\/2026\/04\/cadiem-768x224.png 768w, https:\/\/impulsoguarani.com\/wp-content\/uploads\/2026\/04\/cadiem-1536x449.png 1536w, https:\/\/impulsoguarani.com\/wp-content\/uploads\/2026\/04\/cadiem.png 1810w\" sizes=\"(max-width: 1024px) 100vw, 1024px\" \/>\t\t\t\t\t\t\t\t\t\t\t\t\t\t\t<\/div>\n\t\t\t\t<div class=\"elementor-element elementor-element-ad0e1f8 elementor-align-center elementor-widget elementor-widget-button\" data-id=\"ad0e1f8\" data-element_type=\"widget\" data-e-type=\"widget\" data-widget_type=\"button.default\">\n\t\t\t\t\t\t\t\t\t\t<a class=\"elementor-button elementor-button-link elementor-size-sm\" href=\"https:\/\/cadiemfondos.com.py\/\" target=\"_blank\">\n\t\t\t\t\t\t<span class=\"elementor-button-content-wrapper\">\n\t\t\t\t\t\t\t\t\t<span class=\"elementor-button-text\">Ver Fondos Cadiem<\/span>\n\t\t\t\t\t<\/span>\n\t\t\t\t\t<\/a>\n\t\t\t\t\t\t\t\t<\/div>\n\t\t\t\t<\/div>\n\t\t<div class=\"elementor-element elementor-element-12cf690 e-con-full e-flex e-con e-child\" data-id=\"12cf690\" data-element_type=\"container\" data-e-type=\"container\">\n\t\t\t\t<div class=\"elementor-element elementor-element-5ebf9ed elementor-widget elementor-widget-image\" data-id=\"5ebf9ed\" data-element_type=\"widget\" data-e-type=\"widget\" data-widget_type=\"image.default\">\n\t\t\t\t\t\t\t\t\t\t\t\t\t\t\t<img loading=\"lazy\" decoding=\"async\" width=\"800\" height=\"211\" src=\"https:\/\/impulsoguarani.com\/wp-content\/uploads\/2026\/04\/logo-basacapital.png\" class=\"attachment-large size-large wp-image-246\" alt=\"\" srcset=\"https:\/\/impulsoguarani.com\/wp-content\/uploads\/2026\/04\/logo-basacapital.png 800w, https:\/\/impulsoguarani.com\/wp-content\/uploads\/2026\/04\/logo-basacapital-300x79.png 300w, https:\/\/impulsoguarani.com\/wp-content\/uploads\/2026\/04\/logo-basacapital-768x203.png 768w\" sizes=\"(max-width: 800px) 100vw, 800px\" \/>\t\t\t\t\t\t\t\t\t\t\t\t\t\t\t<\/div>\n\t\t\t\t<div class=\"elementor-element elementor-element-6761264 elementor-align-center elementor-widget elementor-widget-button\" data-id=\"6761264\" data-element_type=\"widget\" data-e-type=\"widget\" data-widget_type=\"button.default\">\n\t\t\t\t\t\t\t\t\t\t<a class=\"elementor-button elementor-button-link elementor-size-sm\" href=\"https:\/\/basacapital.com.py\/fondos-mutuos-vista\/\" target=\"_blank\">\n\t\t\t\t\t\t<span class=\"elementor-button-content-wrapper\">\n\t\t\t\t\t\t\t\t\t<span class=\"elementor-button-text\">Ver Fondos Basa<\/span>\n\t\t\t\t\t<\/span>\n\t\t\t\t\t<\/a>\n\t\t\t\t\t\t\t\t<\/div>\n\t\t\t\t<\/div>\n\t\t<div class=\"elementor-element elementor-element-297ebce e-con-full e-flex e-con e-child\" data-id=\"297ebce\" data-element_type=\"container\" data-e-type=\"container\">\n\t\t\t\t<div class=\"elementor-element elementor-element-2a4bdde elementor-widget elementor-widget-image\" data-id=\"2a4bdde\" data-element_type=\"widget\" data-e-type=\"widget\" data-widget_type=\"image.default\">\n\t\t\t\t\t\t\t\t\t\t\t\t\t\t\t<img loading=\"lazy\" decoding=\"async\" width=\"1024\" height=\"302\" src=\"https:\/\/impulsoguarani.com\/wp-content\/uploads\/2026\/04\/investor-1024x302.webp\" class=\"attachment-large size-large wp-image-247\" alt=\"\" srcset=\"https:\/\/impulsoguarani.com\/wp-content\/uploads\/2026\/04\/investor-1024x302.webp 1024w, https:\/\/impulsoguarani.com\/wp-content\/uploads\/2026\/04\/investor-300x89.webp 300w, https:\/\/impulsoguarani.com\/wp-content\/uploads\/2026\/04\/investor-768x227.webp 768w, https:\/\/impulsoguarani.com\/wp-content\/uploads\/2026\/04\/investor-1536x454.webp 1536w, https:\/\/impulsoguarani.com\/wp-content\/uploads\/2026\/04\/investor-2048x605.webp 2048w\" sizes=\"(max-width: 1024px) 100vw, 1024px\" \/>\t\t\t\t\t\t\t\t\t\t\t\t\t\t\t<\/div>\n\t\t\t\t<div class=\"elementor-element elementor-element-577148a elementor-align-center elementor-widget elementor-widget-button\" data-id=\"577148a\" data-element_type=\"widget\" data-e-type=\"widget\" data-widget_type=\"button.default\">\n\t\t\t\t\t\t\t\t\t\t<a class=\"elementor-button elementor-button-link elementor-size-sm\" href=\"https:\/\/www.investor.com.py\/pages\/fondos-mutuos\" target=\"_blank\">\n\t\t\t\t\t\t<span class=\"elementor-button-content-wrapper\">\n\t\t\t\t\t\t\t\t\t<span class=\"elementor-button-text\">Ver Fondos Investor<\/span>\n\t\t\t\t\t<\/span>\n\t\t\t\t\t<\/a>\n\t\t\t\t\t\t\t\t<\/div>\n\t\t\t\t<\/div>\n\t\t\t\t<\/div>\n\t\t\t\t<div class=\"elementor-element elementor-element-d084140 elementor-widget elementor-widget-heading\" data-id=\"d084140\" data-element_type=\"widget\" data-e-type=\"widget\" data-widget_type=\"heading.default\">\n\t\t\t\t\t<h2 class=\"elementor-heading-title elementor-size-default\">Redes Sociales<\/h2>\t\t\t\t<\/div>\n\t\t\t\t\t<\/div>\n\t\t\t\t<\/div>\n\t\t<div class=\"elementor-element elementor-element-f8dd471 e-flex e-con-boxed e-con e-parent\" data-id=\"f8dd471\" data-element_type=\"container\" data-e-type=\"container\">\n\t\t\t\t\t<div class=\"e-con-inner\">\n\t\t<div class=\"elementor-element elementor-element-a454930 e-con-full e-flex e-con e-child\" data-id=\"a454930\" data-element_type=\"container\" data-e-type=\"container\">\n\t\t\t\t<div class=\"elementor-element elementor-element-6dc41c0 elementor-widget elementor-widget-image\" data-id=\"6dc41c0\" data-element_type=\"widget\" data-e-type=\"widget\" data-widget_type=\"image.default\">\n\t\t\t\t\t\t\t\t\t\t\t\t\t\t\t<img loading=\"lazy\" decoding=\"async\" width=\"800\" height=\"200\" src=\"https:\/\/impulsoguarani.com\/wp-content\/uploads\/2026\/03\/1.png\" class=\"attachment-large size-large wp-image-206\" alt=\"\" srcset=\"https:\/\/impulsoguarani.com\/wp-content\/uploads\/2026\/03\/1.png 800w, https:\/\/impulsoguarani.com\/wp-content\/uploads\/2026\/03\/1-300x75.png 300w, https:\/\/impulsoguarani.com\/wp-content\/uploads\/2026\/03\/1-768x192.png 768w\" sizes=\"(max-width: 800px) 100vw, 800px\" \/>\t\t\t\t\t\t\t\t\t\t\t\t\t\t\t<\/div>\n\t\t\t\t<div class=\"elementor-element elementor-element-fe5fed5 elementor-align-center elementor-widget elementor-widget-button\" data-id=\"fe5fed5\" data-element_type=\"widget\" data-e-type=\"widget\" data-widget_type=\"button.default\">\n\t\t\t\t\t\t\t\t\t\t<a class=\"elementor-button elementor-button-link elementor-size-sm\" href=\"https:\/\/www.youtube.com\/@impulsoguarani\" target=\"_blank\">\n\t\t\t\t\t\t<span class=\"elementor-button-content-wrapper\">\n\t\t\t\t\t\t\t\t\t<span class=\"elementor-button-text\">Ir al Canal<\/span>\n\t\t\t\t\t<\/span>\n\t\t\t\t\t<\/a>\n\t\t\t\t\t\t\t\t<\/div>\n\t\t\t\t<\/div>\n\t\t<div class=\"elementor-element elementor-element-a72ee52 e-con-full e-flex e-con e-child\" data-id=\"a72ee52\" data-element_type=\"container\" data-e-type=\"container\">\n\t\t\t\t<div class=\"elementor-element elementor-element-db9e192 elementor-widget elementor-widget-image\" data-id=\"db9e192\" data-element_type=\"widget\" data-e-type=\"widget\" data-widget_type=\"image.default\">\n\t\t\t\t\t\t\t\t\t\t\t\t\t\t\t<img loading=\"lazy\" decoding=\"async\" width=\"800\" height=\"200\" src=\"https:\/\/impulsoguarani.com\/wp-content\/uploads\/2026\/03\/3.png\" class=\"attachment-large size-large wp-image-208\" alt=\"\" srcset=\"https:\/\/impulsoguarani.com\/wp-content\/uploads\/2026\/03\/3.png 800w, https:\/\/impulsoguarani.com\/wp-content\/uploads\/2026\/03\/3-300x75.png 300w, https:\/\/impulsoguarani.com\/wp-content\/uploads\/2026\/03\/3-768x192.png 768w\" sizes=\"(max-width: 800px) 100vw, 800px\" \/>\t\t\t\t\t\t\t\t\t\t\t\t\t\t\t<\/div>\n\t\t\t\t<div class=\"elementor-element elementor-element-143ee7c elementor-align-center elementor-widget elementor-widget-button\" data-id=\"143ee7c\" data-element_type=\"widget\" data-e-type=\"widget\" data-widget_type=\"button.default\">\n\t\t\t\t\t\t\t\t\t\t<a class=\"elementor-button elementor-button-link elementor-size-sm\" href=\"https:\/\/www.instagram.com\/impulsoguarani\" target=\"_blank\">\n\t\t\t\t\t\t<span class=\"elementor-button-content-wrapper\">\n\t\t\t\t\t\t\t\t\t<span class=\"elementor-button-text\">Ir al Perfil<\/span>\n\t\t\t\t\t<\/span>\n\t\t\t\t\t<\/a>\n\t\t\t\t\t\t\t\t<\/div>\n\t\t\t\t<\/div>\n\t\t<div class=\"elementor-element elementor-element-2c7d6df e-con-full e-flex e-con e-child\" data-id=\"2c7d6df\" data-element_type=\"container\" data-e-type=\"container\">\n\t\t\t\t<div class=\"elementor-element elementor-element-0553c88 elementor-widget elementor-widget-image\" data-id=\"0553c88\" data-element_type=\"widget\" data-e-type=\"widget\" data-widget_type=\"image.default\">\n\t\t\t\t\t\t\t\t\t\t\t\t\t\t\t<img loading=\"lazy\" decoding=\"async\" width=\"800\" height=\"200\" src=\"https:\/\/impulsoguarani.com\/wp-content\/uploads\/2026\/03\/2.png\" class=\"attachment-large size-large wp-image-207\" alt=\"\" srcset=\"https:\/\/impulsoguarani.com\/wp-content\/uploads\/2026\/03\/2.png 800w, https:\/\/impulsoguarani.com\/wp-content\/uploads\/2026\/03\/2-300x75.png 300w, https:\/\/impulsoguarani.com\/wp-content\/uploads\/2026\/03\/2-768x192.png 768w\" sizes=\"(max-width: 800px) 100vw, 800px\" \/>\t\t\t\t\t\t\t\t\t\t\t\t\t\t\t<\/div>\n\t\t\t\t<div class=\"elementor-element elementor-element-cf10d66 elementor-align-center elementor-widget elementor-widget-button\" data-id=\"cf10d66\" data-element_type=\"widget\" data-e-type=\"widget\" data-widget_type=\"button.default\">\n\t\t\t\t\t\t\t\t\t\t<a class=\"elementor-button elementor-button-link elementor-size-sm\" href=\"https:\/\/www.tiktok.com\/@impulsoguarani\" target=\"_blank\">\n\t\t\t\t\t\t<span class=\"elementor-button-content-wrapper\">\n\t\t\t\t\t\t\t\t\t<span class=\"elementor-button-text\">Ir al Perfil<\/span>\n\t\t\t\t\t<\/span>\n\t\t\t\t\t<\/a>\n\t\t\t\t\t\t\t\t<\/div>\n\t\t\t\t<\/div>\n\t\t<div class=\"elementor-element elementor-element-1b32df6 e-con-full e-flex e-con e-child\" data-id=\"1b32df6\" data-element_type=\"container\" data-e-type=\"container\">\n\t\t\t\t<div class=\"elementor-element elementor-element-28520fe elementor-widget elementor-widget-image\" data-id=\"28520fe\" data-element_type=\"widget\" data-e-type=\"widget\" data-widget_type=\"image.default\">\n\t\t\t\t\t\t\t\t\t\t\t\t\t\t\t<img loading=\"lazy\" decoding=\"async\" width=\"800\" height=\"200\" src=\"https:\/\/impulsoguarani.com\/wp-content\/uploads\/2026\/03\/4.png\" class=\"attachment-large size-large wp-image-209\" alt=\"\" srcset=\"https:\/\/impulsoguarani.com\/wp-content\/uploads\/2026\/03\/4.png 800w, https:\/\/impulsoguarani.com\/wp-content\/uploads\/2026\/03\/4-300x75.png 300w, https:\/\/impulsoguarani.com\/wp-content\/uploads\/2026\/03\/4-768x192.png 768w\" sizes=\"(max-width: 800px) 100vw, 800px\" \/>\t\t\t\t\t\t\t\t\t\t\t\t\t\t\t<\/div>\n\t\t\t\t<div class=\"elementor-element elementor-element-f8e571a elementor-align-center elementor-widget elementor-widget-button\" data-id=\"f8e571a\" data-element_type=\"widget\" data-e-type=\"widget\" data-widget_type=\"button.default\">\n\t\t\t\t\t\t\t\t\t\t<a class=\"elementor-button elementor-button-link elementor-size-sm\" href=\"https:\/\/wa.me\/595984509452\" target=\"_blank\">\n\t\t\t\t\t\t<span class=\"elementor-button-content-wrapper\">\n\t\t\t\t\t\t\t\t\t<span class=\"elementor-button-text\">Ir al Chat<\/span>\n\t\t\t\t\t<\/span>\n\t\t\t\t\t<\/a>\n\t\t\t\t\t\t\t\t<\/div>\n\t\t\t\t<\/div>\n\t\t\t\t\t<\/div>\n\t\t\t\t<\/div>\n\t\t<div class=\"elementor-element elementor-element-8f4a238 e-flex e-con-boxed e-con e-parent\" data-id=\"8f4a238\" data-element_type=\"container\" data-e-type=\"container\" data-settings=\"{&quot;background_background&quot;:&quot;classic&quot;}\">\n\t\t\t\t\t<div class=\"e-con-inner\">\n\t\t<div class=\"elementor-element elementor-element-4293c16 e-con-full e-flex e-con e-child\" data-id=\"4293c16\" data-element_type=\"container\" data-e-type=\"container\">\n\t\t\t\t<div class=\"elementor-element elementor-element-6c47fc6 elementor-widget elementor-widget-image\" data-id=\"6c47fc6\" data-element_type=\"widget\" data-e-type=\"widget\" data-widget_type=\"image.default\">\n\t\t\t\t\t\t\t\t\t\t\t\t\t\t\t<img loading=\"lazy\" decoding=\"async\" width=\"300\" height=\"300\" src=\"https:\/\/impulsoguarani.com\/wp-content\/uploads\/2026\/03\/IMG-300x300.png\" class=\"attachment-medium size-medium wp-image-216\" alt=\"\" srcset=\"https:\/\/impulsoguarani.com\/wp-content\/uploads\/2026\/03\/IMG-300x300.png 300w, https:\/\/impulsoguarani.com\/wp-content\/uploads\/2026\/03\/IMG-150x150.png 150w, https:\/\/impulsoguarani.com\/wp-content\/uploads\/2026\/03\/IMG.png 540w\" sizes=\"(max-width: 300px) 100vw, 300px\" \/>\t\t\t\t\t\t\t\t\t\t\t\t\t\t\t<\/div>\n\t\t\t\t<\/div>\n\t\t<div class=\"elementor-element elementor-element-645cd29 e-con-full e-flex e-con e-child\" data-id=\"645cd29\" data-element_type=\"container\" data-e-type=\"container\">\n\t\t\t\t<div class=\"elementor-element elementor-element-0a1160b elementor-widget elementor-widget-heading\" data-id=\"0a1160b\" data-element_type=\"widget\" data-e-type=\"widget\" data-widget_type=\"heading.default\">\n\t\t\t\t\t<h2 class=\"elementor-heading-title elementor-size-default\">Hola!<\/h2>\t\t\t\t<\/div>\n\t\t\t\t<div class=\"elementor-element elementor-element-6c89a24 elementor-widget elementor-widget-text-editor\" data-id=\"6c89a24\" data-element_type=\"widget\" data-e-type=\"widget\" data-widget_type=\"text-editor.default\">\n\t\t\t\t\t\t\t\t\t<p data-start=\"113\" data-end=\"392\">Soy el Ing. Jozinei Pian, inversor en Fondos Mutuos desde el a\u00f1o 2020. A lo largo de mi experiencia, identifiqu\u00e9 una importante falta de informaci\u00f3n accesible y clara sobre este tipo de inversiones, especialmente para quienes desean dar sus primeros pasos en el mundo financiero.<\/p><p data-start=\"394\" data-end=\"789\">Motivado por esta necesidad, decid\u00ed compartir mis conocimientos y aprendizajes a trav\u00e9s de internet, dando origen al canal Impulso Guaran\u00ed. Este espacio nace con el prop\u00f3sito de educar, guiar e impulsar a m\u00e1s personas a desarrollar una cultura de ahorro inteligente, enfocada no solo en proteger su capital frente a la inflaci\u00f3n, sino tambi\u00e9n en hacerlo crecer mediante inversiones estrat\u00e9gicas.<\/p><p data-start=\"791\" data-end=\"939\">Te doy la bienvenida a este camino de transformaci\u00f3n financiera, donde el objetivo es convertir tus ahorros en herramientas que trabajen a tu favor.<\/p>\t\t\t\t\t\t\t\t<\/div>\n\t\t\t\t<\/div>\n\t\t\t\t\t<\/div>\n\t\t\t\t<\/div>\n\t\t<div class=\"elementor-element elementor-element-9f83c44 e-flex e-con-boxed e-con e-parent\" data-id=\"9f83c44\" data-element_type=\"container\" data-e-type=\"container\" data-settings=\"{&quot;background_background&quot;:&quot;classic&quot;}\">\n\t\t\t\t\t<div class=\"e-con-inner\">\n\t\t\t\t<div class=\"elementor-element elementor-element-731c3f8 elementor-widget elementor-widget-text-editor\" data-id=\"731c3f8\" data-element_type=\"widget\" data-e-type=\"widget\" data-widget_type=\"text-editor.default\">\n\t\t\t\t\t\t\t\t\t<p class=\"cvGsUA direction-ltr align-justify para-style-body\">Copyright 2026<br \/><strong>Impulso Guaran\u00ed<\/strong><\/p>\t\t\t\t\t\t\t\t<\/div>\n\t\t\t\t<div class=\"elementor-element elementor-element-58d6e47 elementor-widget elementor-widget-image\" data-id=\"58d6e47\" data-element_type=\"widget\" data-e-type=\"widget\" data-widget_type=\"image.default\">\n\t\t\t\t\t\t\t\t\t\t\t\t\t\t\t<img loading=\"lazy\" decoding=\"async\" width=\"300\" height=\"89\" src=\"https:\/\/impulsoguarani.com\/wp-content\/uploads\/2026\/02\/Impulso-Guarani-scaled-e1772048872626-300x89.png\" class=\"attachment-medium size-medium wp-image-28\" alt=\"\" srcset=\"https:\/\/impulsoguarani.com\/wp-content\/uploads\/2026\/02\/Impulso-Guarani-scaled-e1772048872626-300x89.png 300w, https:\/\/impulsoguarani.com\/wp-content\/uploads\/2026\/02\/Impulso-Guarani-scaled-e1772048872626-1024x304.png 1024w, https:\/\/impulsoguarani.com\/wp-content\/uploads\/2026\/02\/Impulso-Guarani-scaled-e1772048872626-768x228.png 768w, https:\/\/impulsoguarani.com\/wp-content\/uploads\/2026\/02\/Impulso-Guarani-scaled-e1772048872626-1536x456.png 1536w, https:\/\/impulsoguarani.com\/wp-content\/uploads\/2026\/02\/Impulso-Guarani-scaled-e1772048872626-2048x608.png 2048w\" sizes=\"(max-width: 300px) 100vw, 300px\" \/>\t\t\t\t\t\t\t\t\t\t\t\t\t\t\t<\/div>\n\t\t\t\t\t<\/div>\n\t\t\t\t<\/div>\n\t\t\t\t<\/div>\n\t\t","protected":false},"excerpt":{"rendered":"<p>M\u00e1s que ahorrar\u2026 empieza a multiplicar! Lo que necesitas para comenzar, en un PDF. DESCARGAR PDF GRATIS Tutoriales https:\/\/youtu.be\/vGU5CQUS1qo?si=yeH2wBgEHBmJiJolhttps:\/\/youtu.be\/91I0_yhdaTQ?si=y0v6XfdwFaQV13kthttps:\/\/youtu.be\/LawuJBEnGII?si=yp8tWSFGv7GaeKl4 Casas de Bolsa Ver Fondos Cadiem Ver Fondos Basa Ver Fondos Investor Redes Sociales Ir al Canal Ir al Perfil Ir al Perfil Ir al Chat Hola! Soy el Ing. Jozinei Pian, inversor en Fondos Mutuos [&hellip;]<\/p>\n","protected":false},"author":1,"featured_media":0,"parent":0,"menu_order":0,"comment_status":"closed","ping_status":"closed","template":"","meta":{"footnotes":""},"class_list":["post-11","page","type-page","status-publish","hentry","entry"],"_links":{"self":[{"href":"https:\/\/impulsoguarani.com\/index.php?rest_route=\/wp\/v2\/pages\/11","targetHints":{"allow":["GET"]}}],"collection":[{"href":"https:\/\/impulsoguarani.com\/index.php?rest_route=\/wp\/v2\/pages"}],"about":[{"href":"https:\/\/impulsoguarani.com\/index.php?rest_route=\/wp\/v2\/types\/page"}],"author":[{"embeddable":true,"href":"https:\/\/impulsoguarani.com\/index.php?rest_route=\/wp\/v2\/users\/1"}],"replies":[{"embeddable":true,"href":"https:\/\/impulsoguarani.com\/index.php?rest_route=%2Fwp%2Fv2%2Fcomments&post=11"}],"version-history":[{"count":213,"href":"https:\/\/impulsoguarani.com\/index.php?rest_route=\/wp\/v2\/pages\/11\/revisions"}],"predecessor-version":[{"id":267,"href":"https:\/\/impulsoguarani.com\/index.php?rest_route=\/wp\/v2\/pages\/11\/revisions\/267"}],"wp:attachment":[{"href":"https:\/\/impulsoguarani.com\/index.php?rest_route=%2Fwp%2Fv2%2Fmedia&parent=11"}],"curies":[{"name":"wp","href":"https:\/\/api.w.org\/{rel}","templated":true}]}}